{"id":139,"date":"2024-01-31T19:52:10","date_gmt":"2024-01-31T19:52:10","guid":{"rendered":"https:\/\/abdalhadi.net\/?page_id=139"},"modified":"2025-11-08T06:40:03","modified_gmt":"2025-11-08T06:40:03","slug":"podcasts","status":"publish","type":"page","link":"https:\/\/abdalhadi.net\/index.php\/podcasts\/","title":{"rendered":"Podcasts"},"content":{"rendered":"\t\t<div data-elementor-type=\"wp-page\" data-elementor-id=\"139\" class=\"elementor elementor-139\">\n\t\t\t\t<div class=\"elementor-element elementor-element-f03ad87 e-flex e-con-boxed e-con e-parent\" data-id=\"f03ad87\" data-element_type=\"container\">\n\t\t\t\t\t<div class=\"e-con-inner\">\n\t\t\t\t<div class=\"elementor-element elementor-element-25aaa69 elementor-widget elementor-widget-image\" data-id=\"25aaa69\" data-element_type=\"widget\" data-widget_type=\"image.default\">\n\t\t\t\t<div class=\"elementor-widget-container\">\n\t\t\t\t\t\t\t\t\t\t\t\t\t\t\t<img decoding=\"async\" src=\"https:\/\/abdalhadi.net\/wp-content\/uploads\/2024\/02\/Screenshot-2024-02-03-at-00.09.42.png\" title=\"Screenshot 2024-02-03 at 00.09.42\" alt=\"Screenshot 2024-02-03 at 00.09.42\" loading=\"lazy\" \/>\t\t\t\t\t\t\t\t\t\t\t\t\t\t\t<\/div>\n\t\t\t\t<\/div>\n\t\t\t\t\t<\/div>\n\t\t\t\t<\/div>\n\t\t<div class=\"elementor-element elementor-element-090e0b6 e-flex e-con-boxed e-con e-parent\" data-id=\"090e0b6\" data-element_type=\"container\">\n\t\t\t\t\t<div class=\"e-con-inner\">\n\t\t\t\t<div class=\"elementor-element elementor-element-ed16a15 elementor-widget-divider--view-line elementor-widget elementor-widget-divider\" data-id=\"ed16a15\" data-element_type=\"widget\" data-widget_type=\"divider.default\">\n\t\t\t\t<div class=\"elementor-widget-container\">\n\t\t\t\t\t\t\t<div class=\"elementor-divider\">\n\t\t\t<span class=\"elementor-divider-separator\">\n\t\t\t\t\t\t<\/span>\n\t\t<\/div>\n\t\t\t\t\t\t<\/div>\n\t\t\t\t<\/div>\n\t\t\t\t\t<\/div>\n\t\t\t\t<\/div>\n\t\t<div class=\"elementor-element elementor-element-37190b4 e-grid e-con-boxed e-con e-parent\" data-id=\"37190b4\" data-element_type=\"container\">\n\t\t\t\t\t<div class=\"e-con-inner\">\n\t\t\t\t<div class=\"elementor-element elementor-element-02139e3 elementor-widget elementor-widget-heading\" data-id=\"02139e3\" data-element_type=\"widget\" data-widget_type=\"heading.default\">\n\t\t\t\t<div class=\"elementor-widget-container\">\n\t\t\t\t\t<h2 class=\"elementor-heading-title elementor-size-default\"><a href=\"https:\/\/www.projectcensored.org\/humanity-gaza-academic-solidarity\/\">Project Censored Show, Eleanor Goldfield sits down with Dr. Abdalhadi Alijila<\/a><\/h2>\t\t\t\t<\/div>\n\t\t\t\t<\/div>\n\t\t\t\t<div class=\"elementor-element elementor-element-78a0210 elementor-widget elementor-widget-text-editor\" data-id=\"78a0210\" data-element_type=\"widget\" data-widget_type=\"text-editor.default\">\n\t\t\t\t<div class=\"elementor-widget-container\">\n\t\t\t\t\t\t\t\t\t<p><span style=\"color: #000000;\">On this episode of the Project Censored Show, Eleanor Goldfield sits down with Dr. Abdalhadi Alijila to talk about his forthcoming book Fearful in Gaza, an autobiographical work that details the lived realities, emotions, connections and contradictions of growing up in Gaza. Dr. Alijila remarks on the changing of academia, once the vanguard of progressive thought and action becoming ever more muted and intellectually impoverished. He speaks on the unending question of humanity, including how social media distorts our view, and the problem of dehumanizing by pedestaling what the occupation has buried beneath subhuman propaganda.<\/span><\/p>\t\t\t\t\t\t\t\t<\/div>\n\t\t\t\t<\/div>\n\t\t\t\t\t<\/div>\n\t\t\t\t<\/div>\n\t\t<div class=\"elementor-element elementor-element-12fb85f e-flex e-con-boxed e-con e-parent\" data-id=\"12fb85f\" data-element_type=\"container\">\n\t\t\t\t\t<div class=\"e-con-inner\">\n\t\t\t\t<div class=\"elementor-element elementor-element-b057c09 elementor-widget elementor-widget-heading\" data-id=\"b057c09\" data-element_type=\"widget\" data-widget_type=\"heading.default\">\n\t\t\t\t<div class=\"elementor-widget-container\">\n\t\t\t\t\t<h2 class=\"elementor-heading-title elementor-size-default\"><a href=\"https:\/\/parallaxviews.podbean.com\/e\/aalijla\/\">Israel\/Palestine, the Gaza War, and Rebel Governance in the Middle East<\/a><\/h2>\t\t\t\t<\/div>\n\t\t\t\t<\/div>\n\t\t\t\t<div class=\"elementor-element elementor-element-77fefb0 elementor-widget elementor-widget-text-editor\" data-id=\"77fefb0\" data-element_type=\"widget\" data-widget_type=\"text-editor.default\">\n\t\t\t\t<div class=\"elementor-widget-container\">\n\t\t\t\t\t\t\t\t\t<p><span style=\"color: #000000;\">On this editiion of Parallax Views, Writer and researcher Abdalhadi Alijla, author of\u00a0Trust in Divided Societies\u00a0and co-editor of\u00a0Rebel Governance in the Middle East, joins the show to discuss his perspective on Israel-Palestine and the Gaza War from his perspective as both a researcher and writer on the region as well as someone who was born in Gaza. We&#8217;ll also be discussing the aforementioned book\u00a0Rebel Governance in the Middle East\u00a0and examine groups like Hamas, Hezbollah, and the Houthis<\/span><\/p>\t\t\t\t\t\t\t\t<\/div>\n\t\t\t\t<\/div>\n\t\t\t\t\t<\/div>\n\t\t\t\t<\/div>\n\t\t<div class=\"elementor-element elementor-element-baadb7f e-flex e-con-boxed e-con e-parent\" data-id=\"baadb7f\" data-element_type=\"container\">\n\t\t\t\t\t<div class=\"e-con-inner\">\n\t\t\t\t<div class=\"elementor-element elementor-element-d1fb587 elementor-widget elementor-widget-heading\" data-id=\"d1fb587\" data-element_type=\"widget\" data-widget_type=\"heading.default\">\n\t\t\t\t<div class=\"elementor-widget-container\">\n\t\t\t\t\t<h2 class=\"elementor-heading-title elementor-size-default\"><a href=\"https:\/\/www.thecairoreview.com\/podcasts\/from-gaza-to-regional-war-with-abdalhadi-alijla\/\">From Gaza to Regional War? \u2013 with Abdalhadi Alijla\n<\/a><\/h2>\t\t\t\t<\/div>\n\t\t\t\t<\/div>\n\t\t\t\t<div class=\"elementor-element elementor-element-13e06b4 elementor-widget elementor-widget-text-editor\" data-id=\"13e06b4\" data-element_type=\"widget\" data-widget_type=\"text-editor.default\">\n\t\t\t\t<div class=\"elementor-widget-container\">\n\t\t\t\t\t\t\t\t\t<div><p><span style=\"color: #000000;\">What is the next step in the Gaza War now that an Israeli drone has killed a Hamas leader in Beirut? A spillover in Lebanon? The entire region? Europe? The United States has a role to play in preventing the war from escalating, but what if it does not intervene? Today\u2019s episode is with Abdalhadi Alijla, Palestinian political scientist and rebel governance expert, who tells us more about the worst-case scenarios of the war on Gaza, and how the war\u2019s objectives are slightly shifting.<\/span><\/p><\/div>\t\t\t\t\t\t\t\t<\/div>\n\t\t\t\t<\/div>\n\t\t\t\t\t<\/div>\n\t\t\t\t<\/div>\n\t\t<div class=\"elementor-element elementor-element-7833e3e e-flex e-con-boxed e-con e-parent\" data-id=\"7833e3e\" data-element_type=\"container\">\n\t\t\t\t\t<div class=\"e-con-inner\">\n\t\t\t\t<div class=\"elementor-element elementor-element-4a4b63b elementor-widget elementor-widget-heading\" data-id=\"4a4b63b\" data-element_type=\"widget\" data-widget_type=\"heading.default\">\n\t\t\t\t<div class=\"elementor-widget-container\">\n\t\t\t\t\t<h2 class=\"elementor-heading-title elementor-size-default\">Konflikten<\/h2>\t\t\t\t<\/div>\n\t\t\t\t<\/div>\n\t\t\t\t<div class=\"elementor-element elementor-element-76d4a1a elementor-widget elementor-widget-text-editor\" data-id=\"76d4a1a\" data-element_type=\"widget\" data-widget_type=\"text-editor.default\">\n\t\t\t\t<div class=\"elementor-widget-container\">\n\t\t\t\t\t\t\t\t\t<div><div><span style=\"color: #000000;\">Efter det v\u00e4rsta terrorattentatet i Israels historia v\u00e4nder Konflikt blicken mot de som utf\u00f6rde de blodiga attackerna: terrorgruppen Hamas.\u00a0 <a href=\"https:\/\/sverigesradio.se\/avsnitt\/terrororganisationen-hamas-inifran\">Listen here [Swedish]<\/a><\/span><\/div><\/div>\t\t\t\t\t\t\t\t<\/div>\n\t\t\t\t<\/div>\n\t\t\t\t\t<\/div>\n\t\t\t\t<\/div>\n\t\t<div class=\"elementor-element elementor-element-74a7219 e-flex e-con-boxed e-con e-parent\" data-id=\"74a7219\" data-element_type=\"container\">\n\t\t\t\t\t<div class=\"e-con-inner\">\n\t\t\t\t<div class=\"elementor-element elementor-element-2448388 elementor-widget elementor-widget-spacer\" data-id=\"2448388\" data-element_type=\"widget\" data-widget_type=\"spacer.default\">\n\t\t\t\t<div class=\"elementor-widget-container\">\n\t\t\t\t\t\t\t<div class=\"elementor-spacer\">\n\t\t\t<div class=\"elementor-spacer-inner\"><\/div>\n\t\t<\/div>\n\t\t\t\t\t\t<\/div>\n\t\t\t\t<\/div>\n\t\t\t\t\t<\/div>\n\t\t\t\t<\/div>\n\t\t<div class=\"elementor-element elementor-element-9d8fddd e-grid e-con-boxed e-con e-parent\" data-id=\"9d8fddd\" data-element_type=\"container\">\n\t\t\t\t\t<div class=\"e-con-inner\">\n\t\t\t\t<div class=\"elementor-element elementor-element-7b58e65 elementor-widget elementor-widget-audio\" data-id=\"7b58e65\" data-element_type=\"widget\" data-widget_type=\"audio.default\">\n\t\t\t\t<div class=\"elementor-widget-container\">\n\t\t\t\t\t\t\t\t<div class=\"elementor-soundcloud-wrapper\">\n\t\t\t\t<iframe width=\"800\" height=\"200\" frameborder=\"no\" src=\"https:\/\/w.soundcloud.com\/player\/?visual=false&#038;url=https%3A%2F%2Fapi.soundcloud.com%2Ftracks%2F1051655797&#038;show_artwork=true&#038;maxheight=1000&#038;maxwidth=800&#038;auto_play=false&#038;buying=true&#038;liking=true&#038;download=true&#038;sharing=true&#038;show_comments=true&#038;show_playcount=true&#038;show_user=true&#038;color\"><\/iframe>\t\t\t<\/div>\n\t\t\t\t\t\t\t<\/div>\n\t\t\t\t<\/div>\n\t\t\t\t\t<\/div>\n\t\t\t\t<\/div>\n\t\t<div class=\"elementor-element elementor-element-af7bf28 e-grid e-con-boxed e-con e-parent\" data-id=\"af7bf28\" data-element_type=\"container\">\n\t\t\t\t\t<div class=\"e-con-inner\">\n\t\t\t\t\t<\/div>\n\t\t\t\t<\/div>\n\t\t\t\t<\/div>\n\t\t","protected":false},"excerpt":{"rendered":"<p>Project Censored Show, Eleanor Goldfield sits down with Dr. Abdalhadi Alijila On this episode of the Project Censored Show, Eleanor Goldfield sits down with Dr. Abdalhadi Alijila to talk about his forthcoming book Fearful in Gaza, an autobiographical work that details the lived realities, emotions, connections and contradictions of growing up in Gaza. Dr. Alijila [&hellip;]<\/p>\n","protected":false},"author":1,"featured_media":0,"parent":0,"menu_order":0,"comment_status":"closed","ping_status":"closed","template":"","meta":{"om_disable_all_campaigns":false,"_monsterinsights_skip_tracking":false,"_monsterinsights_sitenote_active":false,"_monsterinsights_sitenote_note":"","_monsterinsights_sitenote_category":0,"footnotes":""},"aioseo_notices":[],"_links":{"self":[{"href":"https:\/\/abdalhadi.net\/index.php\/wp-json\/wp\/v2\/pages\/139"}],"collection":[{"href":"https:\/\/abdalhadi.net\/index.php\/wp-json\/wp\/v2\/pages"}],"about":[{"href":"https:\/\/abdalhadi.net\/index.php\/wp-json\/wp\/v2\/types\/page"}],"author":[{"embeddable":true,"href":"https:\/\/abdalhadi.net\/index.php\/wp-json\/wp\/v2\/users\/1"}],"replies":[{"embeddable":true,"href":"https:\/\/abdalhadi.net\/index.php\/wp-json\/wp\/v2\/comments?post=139"}],"version-history":[{"count":49,"href":"https:\/\/abdalhadi.net\/index.php\/wp-json\/wp\/v2\/pages\/139\/revisions"}],"predecessor-version":[{"id":1629,"href":"https:\/\/abdalhadi.net\/index.php\/wp-json\/wp\/v2\/pages\/139\/revisions\/1629"}],"wp:attachment":[{"href":"https:\/\/abdalhadi.net\/index.php\/wp-json\/wp\/v2\/media?parent=139"}],"curies":[{"name":"wp","href":"https:\/\/api.w.org\/{rel}","templated":true}]}}